{"id":1992,"date":"2021-01-21T15:14:04","date_gmt":"2021-01-21T14:14:04","guid":{"rendered":"https:\/\/patfritz.de\/?page_id=1992"},"modified":"2025-01-14T09:21:58","modified_gmt":"2025-01-14T08:21:58","slug":"team1","status":"publish","type":"page","link":"https:\/\/patfritz.de\/en\/team1\/","title":{"rendered":"Team"},"content":{"rendered":"<div data-elementor-type=\"wp-post\" data-elementor-id=\"1992\" class=\"elementor elementor-1992\">\n\t\t\t\t\t\t<section class=\"elementor-section elementor-top-section elementor-element elementor-element-25847a0b elementor-section-full_width elementor-section-height-default elementor-section-height-default\" data-id=\"25847a0b\" data-element_type=\"section\">\n\t\t\t\t\t\t<div class=\"elementor-container elementor-column-gap-extended\">\n\t\t\t\t\t<div class=\"elementor-column elementor-col-33 elementor-top-column elementor-element elementor-element-61f823d3 sc_inner_width_none sc_layouts_column_icons_position_left\" data-id=\"61f823d3\" data-element_type=\"column\">\n\t\t\t<div class=\"elementor-widget-wrap elementor-element-populated\">\n\t\t\t\t\t\t<div class=\"elementor-element elementor-element-6db7c859 elementor-widget elementor-widget-image\" data-id=\"6db7c859\" data-element_type=\"widget\" data-widget_type=\"image.default\">\n\t\t\t\t<div class=\"elementor-widget-container\">\n\t\t\t\t\t\t\t\t\t\t\t\t\t<img fetchpriority=\"high\" decoding=\"async\" width=\"1920\" height=\"1280\" src=\"https:\/\/patfritz.de\/wp-content\/uploads\/2025\/01\/DB_Fritz_Patent_241210_001_INET-1.jpg\" class=\"attachment-full size-full wp-image-4550\" alt=\"\" srcset=\"https:\/\/patfritz.de\/wp-content\/uploads\/2025\/01\/DB_Fritz_Patent_241210_001_INET-1.jpg 1920w, https:\/\/patfritz.de\/wp-content\/uploads\/2025\/01\/DB_Fritz_Patent_241210_001_INET-1-300x200.jpg 300w, https:\/\/patfritz.de\/wp-content\/uploads\/2025\/01\/DB_Fritz_Patent_241210_001_INET-1-1024x683.jpg 1024w, https:\/\/patfritz.de\/wp-content\/uploads\/2025\/01\/DB_Fritz_Patent_241210_001_INET-1-768x512.jpg 768w, https:\/\/patfritz.de\/wp-content\/uploads\/2025\/01\/DB_Fritz_Patent_241210_001_INET-1-1536x1024.jpg 1536w, https:\/\/patfritz.de\/wp-content\/uploads\/2025\/01\/DB_Fritz_Patent_241210_001_INET-1-18x12.jpg 18w, https:\/\/patfritz.de\/wp-content\/uploads\/2025\/01\/DB_Fritz_Patent_241210_001_INET-1-370x247.jpg 370w, https:\/\/patfritz.de\/wp-content\/uploads\/2025\/01\/DB_Fritz_Patent_241210_001_INET-1-803x535.jpg 803w, https:\/\/patfritz.de\/wp-content\/uploads\/2025\/01\/DB_Fritz_Patent_241210_001_INET-1-406x271.jpg 406w\" sizes=\"(max-width: 1920px) 100vw, 1920px\" \/>\t\t\t\t\t\t\t\t\t\t\t\t\t<\/div>\n\t\t\t\t<\/div>\n\t\t\t\t<div class=\"elementor-element elementor-element-5db7820c scheme_dark elementor-widget elementor-widget-trx_sc_icons\" data-id=\"5db7820c\" data-element_type=\"widget\" data-widget_type=\"trx_sc_icons.default\">\n\t\t\t\t<div class=\"elementor-widget-container\">\n\t\t\t<div id=\"trx_sc_icons_395439739\" \r\n\tclass=\"sc_icons sc_icons_modern sc_icons_size_large sc_align_left\"><div class=\"sc_icons_item\"><div class=\"sc_icons_icon sc_icon_type_ icon-user-add\"><span class=\"sc_icon_type_ icon-user-add\"><\/span><\/div><h4 class=\"sc_icons_item_title\"><span>Competence &amp; Experience<\/span><\/h4><div class=\"sc_icons_item_description\"><span>Always one <br>step ahead!<\/span><\/div><\/div><\/div><!-- \/.sc_icons -->\t\t<\/div>\n\t\t\t\t<\/div>\n\t\t\t\t\t<\/div>\n\t\t<\/div>\n\t\t\t\t<div class=\"elementor-column elementor-col-33 elementor-top-column elementor-element elementor-element-d194f7d sc_inner_width_none sc_layouts_column_icons_position_left\" data-id=\"d194f7d\" data-element_type=\"column\">\n\t\t\t<div class=\"elementor-widget-wrap\">\n\t\t\t\t\t\t\t<\/div>\n\t\t<\/div>\n\t\t\t\t<div class=\"elementor-column elementor-col-33 elementor-top-column elementor-element elementor-element-494644c7 sc_inner_width_none sc_layouts_column_icons_position_left\" data-id=\"494644c7\" data-element_type=\"column\">\n\t\t\t<div class=\"elementor-widget-wrap elementor-element-populated\">\n\t\t\t\t\t\t<div class=\"elementor-element elementor-element-6684f1bb elementor-widget elementor-widget-trx_sc_title\" data-id=\"6684f1bb\" data-element_type=\"widget\" data-widget_type=\"trx_sc_title.default\">\n\t\t\t\t<div class=\"elementor-widget-container\">\n\t\t\t<div id=\"trx_sc_title_776075877\"\r\n\t\tclass=\"sc_title sc_title_accent\"><h6 class=\"sc_item_subtitle sc_title_subtitle sc_align_none sc_item_title_style_accent\">Your personal contact!<\/h6><h2 class=\"sc_item_title sc_title_title sc_align_none sc_item_title_style_accent translation-block\">We are here<br>\nfor you!<\/h2><\/div><!-- \/.sc_title -->\t\t<\/div>\n\t\t\t\t<\/div>\n\t\t\t\t<div class=\"elementor-element elementor-element-9de80ac elementor-widget elementor-widget-text-editor\" data-id=\"9de80ac\" data-element_type=\"widget\" data-widget_type=\"text-editor.default\">\n\t\t\t\t<div class=\"elementor-widget-container\">\n\t\t\t\t\t\t\t<p>Profit from our competence and use our many years\u2019 experience. We are here for you if you have questions regarding patents, trademarks, etc. FRITZ Patent- &amp; Rechtsanw\u00e4lte ensure the trouble-free course of your concerns.<\/p>\t\t\t\t\t\t<\/div>\n\t\t\t\t<\/div>\n\t\t\t\t\t<\/div>\n\t\t<\/div>\n\t\t\t\t\t<\/div>\n\t\t<\/section>\n\t\t\t\t<section class=\"elementor-section elementor-top-section elementor-element elementor-element-5878e72 elementor-section-boxed elementor-section-height-default elementor-section-height-default\" data-id=\"5878e72\" data-element_type=\"section\">\n\t\t\t\t\t\t<div class=\"elementor-container elementor-column-gap-extended\">\n\t\t\t\t\t<div class=\"elementor-column elementor-col-100 elementor-top-column elementor-element elementor-element-1f29f2f sc_inner_width_none sc_layouts_column_icons_position_left\" data-id=\"1f29f2f\" data-element_type=\"column\">\n\t\t\t<div class=\"elementor-widget-wrap elementor-element-populated\">\n\t\t\t\t\t\t<div class=\"elementor-element elementor-element-c2dc61d elementor-widget elementor-widget-spacer\" data-id=\"c2dc61d\" data-element_type=\"widget\" data-widget_type=\"spacer.default\">\n\t\t\t\t<div class=\"elementor-widget-container\">\n\t\t\t\t\t<div class=\"elementor-spacer\">\n\t\t\t<div class=\"elementor-spacer-inner\"><\/div>\n\t\t<\/div>\n\t\t\t\t<\/div>\n\t\t\t\t<\/div>\n\t\t\t\t\t<\/div>\n\t\t<\/div>\n\t\t\t\t\t<\/div>\n\t\t<\/section>\n\t\t\t\t<section class=\"elementor-section elementor-top-section elementor-element elementor-element-b8a0733 elementor-section-boxed elementor-section-height-default elementor-section-height-default\" data-id=\"b8a0733\" data-element_type=\"section\">\n\t\t\t\t\t\t<div class=\"elementor-container elementor-column-gap-extended\">\n\t\t\t\t\t<div class=\"elementor-column elementor-col-100 elementor-top-column elementor-element elementor-element-03015a3 sc_inner_width_none sc_layouts_column_icons_position_left\" data-id=\"03015a3\" data-element_type=\"column\">\n\t\t\t<div class=\"elementor-widget-wrap elementor-element-populated\">\n\t\t\t\t\t\t<div class=\"elementor-element elementor-element-1d5a2da elementor-widget elementor-widget-spacer\" data-id=\"1d5a2da\" data-element_type=\"widget\" data-widget_type=\"spacer.default\">\n\t\t\t\t<div class=\"elementor-widget-container\">\n\t\t\t\t\t<div class=\"elementor-spacer\">\n\t\t\t<div class=\"elementor-spacer-inner\"><\/div>\n\t\t<\/div>\n\t\t\t\t<\/div>\n\t\t\t\t<\/div>\n\t\t\t\t<div class=\"elementor-element elementor-element-cfbe2f3 elementor-widget elementor-widget-trx_sc_team\" data-id=\"cfbe2f3\" data-element_type=\"widget\" data-widget_type=\"trx_sc_team.default\">\n\t\t\t\t<div class=\"elementor-widget-container\">\n\t\t\t<div  id=\"trx_sc_team_1148982765\"\t\tclass=\"sc_team sc_team_default\"><div class=\"sc_team_columns_wrap sc_item_columns sc_item_posts_container trx_addons_columns_wrap columns_padding_bottom\"><div class=\"trx_addons_column-1_2\"><div class=\"sc_team_item no_links post-2126 cpt_team type-cpt_team status-publish has-post-thumbnail hentry cpt_team_group-de\">\r\n\t<div class=\"post_featured with_thumb hover_icon sc_team_item_thumb post_featured_bg justitia_inline_1328699264\">\t\t\t\t\t\t<div class=\"mask\"><\/div>\n\t\t\t\t\t\t\t\t\t<div class=\"icons\"><a href=\"https:\/\/patfritz.de\/en\/team\/dipl-phys-dr-rainer-basfeld\/\"  aria-hidden=\"true\" class=\"icon-search-alt\"><\/a><\/div>\n\t\t\t<\/div>\t<div class=\"sc_team_item_info\">\r\n\t\t<div class=\"sc_team_item_header\">\r\n            <div class=\"sc_team_item_subtitle\">Patent attorney<\/div>\r\n            <h4 class=\"sc_team_item_title\"><a href=\"https:\/\/patfritz.de\/en\/team\/dipl-phys-dr-rainer-basfeld\/\">Dipl.-Phys. <br>Dr. Rainer Basfeld<\/a><\/h4>\r\n\t\t<\/div>\r\n\t\t<div class=\"sc_team_item_content\"><p>Tel: +49 (0)2932 \/ 97 61  0<br \/>\nFax: +49 (0)2932 \/ 97 61  22<br \/>\nEmail: mail@patfritz.de<\/p>\n<\/div>\r\n\t\t<div class=\"sc_team_item_socials socials_wrap\"><\/div><div class=\"sc_team_item_button\"><a href=\"https:\/\/patfritz.de\/en\/team\/dipl-phys-dr-rainer-basfeld\/\" class=\"sc_button sc_button_simple\">Mehr<\/a><\/div><\/div>\r\n<\/div><\/div><div class=\"trx_addons_column-1_2\"><div class=\"sc_team_item no_links post-2125 cpt_team type-cpt_team status-publish has-post-thumbnail hentry cpt_team_group-de\">\r\n\t<div class=\"post_featured with_thumb hover_icon sc_team_item_thumb post_featured_bg justitia_inline_345048440\">\t\t\t\t\t\t<div class=\"mask\"><\/div>\n\t\t\t\t\t\t\t\t\t<div class=\"icons\"><a href=\"https:\/\/patfritz.de\/en\/team\/marco-hoffmann\/\"  aria-hidden=\"true\" class=\"icon-search-alt\"><\/a><\/div>\n\t\t\t<\/div>\t<div class=\"sc_team_item_info\">\r\n\t\t<div class=\"sc_team_item_header\">\r\n            <div class=\"sc_team_item_subtitle\">Lawyer<\/div>\r\n            <h4 class=\"sc_team_item_title\"><a href=\"https:\/\/patfritz.de\/en\/team\/marco-hoffmann\/\">Marco Hoffmann<\/a><\/h4>\r\n\t\t<\/div>\r\n\t\t<div class=\"sc_team_item_content\"><p>Tel:  +49 (0)2932 \/ 97 61  0<br \/>\nFax: +49 (0)2932 \/ 97 61  22<br \/>\nEmail:  mail@patfritz.de<\/p>\n<\/div>\r\n\t\t<div class=\"sc_team_item_socials socials_wrap\"><\/div><div class=\"sc_team_item_button\"><a href=\"https:\/\/patfritz.de\/en\/team\/marco-hoffmann\/\" class=\"sc_button sc_button_simple\">Mehr<\/a><\/div><\/div>\r\n<\/div><\/div><div class=\"trx_addons_column-1_2\"><div class=\"sc_team_item no_links post-2123 cpt_team type-cpt_team status-publish has-post-thumbnail hentry cpt_team_group-de\">\r\n\t<div class=\"post_featured with_thumb hover_icon sc_team_item_thumb post_featured_bg justitia_inline_1676701330\">\t\t\t\t\t\t<div class=\"mask\"><\/div>\n\t\t\t\t\t\t\t\t\t<div class=\"icons\"><a href=\"https:\/\/patfritz.de\/en\/team\/dipl-ing-joerg-graefe\/\"  aria-hidden=\"true\" class=\"icon-search-alt\"><\/a><\/div>\n\t\t\t<\/div>\t<div class=\"sc_team_item_info\">\r\n\t\t<div class=\"sc_team_item_header\">\r\n            <div class=\"sc_team_item_subtitle\">Patent attorney<\/div>\r\n            <h4 class=\"sc_team_item_title\"><a href=\"https:\/\/patfritz.de\/en\/team\/dipl-ing-joerg-graefe\/\">Dipl.-Ing. <br>J\u00f6rg Graefe<\/a><\/h4>\r\n\t\t<\/div>\r\n\t\t<div class=\"sc_team_item_content\"><p>Tel:  +49 (0)2932 \/ 97 61  0<br \/>\nFax: +49 (0)2932 \/ 97 61  22<br \/>\nEmail:  mail@patfritz.de<\/p>\n<\/div>\r\n\t\t<div class=\"sc_team_item_socials socials_wrap\"><\/div><div class=\"sc_team_item_button\"><a href=\"https:\/\/patfritz.de\/en\/team\/dipl-ing-joerg-graefe\/\" class=\"sc_button sc_button_simple\">Mehr<\/a><\/div><\/div>\r\n<\/div><\/div><div class=\"trx_addons_column-1_2\"><div class=\"sc_team_item no_links post-2121 cpt_team type-cpt_team status-publish has-post-thumbnail hentry cpt_team_group-de\">\r\n\t<div class=\"post_featured with_thumb hover_icon sc_team_item_thumb post_featured_bg justitia_inline_2046609629\">\t\t\t\t\t\t<div class=\"mask\"><\/div>\n\t\t\t\t\t\t\t\t\t<div class=\"icons\"><a href=\"https:\/\/patfritz.de\/en\/team\/dipl-phys-jochen-schaeperklaus\/\"  aria-hidden=\"true\" class=\"icon-search-alt\"><\/a><\/div>\n\t\t\t<\/div>\t<div class=\"sc_team_item_info\">\r\n\t\t<div class=\"sc_team_item_header\">\r\n            <div class=\"sc_team_item_subtitle\">Patent attorney<\/div>\r\n            <h4 class=\"sc_team_item_title\"><a href=\"https:\/\/patfritz.de\/en\/team\/dipl-phys-jochen-schaeperklaus\/\">Dipl.-Phys. Jochen Sch\u00e4perklaus<\/a><\/h4>\r\n\t\t<\/div>\r\n\t\t<div class=\"sc_team_item_content\"><p>Tel:  +49 (0)2932 \/ 97 61  0<br \/>\nFax: +49 (0)2932 \/ 97 61  22<br \/>\nEmail:  mail@patfritz.de<\/p>\n<\/div>\r\n\t\t<div class=\"sc_team_item_socials socials_wrap\"><\/div><div class=\"sc_team_item_button\"><a href=\"https:\/\/patfritz.de\/en\/team\/dipl-phys-jochen-schaeperklaus\/\" class=\"sc_button sc_button_simple\">Mehr<\/a><\/div><\/div>\r\n<\/div><\/div><div class=\"trx_addons_column-1_2\"><div class=\"sc_team_item no_links post-323 cpt_team type-cpt_team status-publish has-post-thumbnail hentry cpt_team_group-de\">\r\n\t<div class=\"post_featured with_thumb hover_icon sc_team_item_thumb post_featured_bg justitia_inline_2024833406\">\t\t\t\t\t\t<div class=\"mask\"><\/div>\n\t\t\t\t\t\t\t\t\t<div class=\"icons\"><a href=\"https:\/\/patfritz.de\/en\/team\/rainer-basfeld\/\"  aria-hidden=\"true\" class=\"icon-search-alt\"><\/a><\/div>\n\t\t\t<\/div>\t<div class=\"sc_team_item_info\">\r\n\t\t<div class=\"sc_team_item_header\">\r\n            <div class=\"sc_team_item_subtitle\">Patent attorney<\/div>\r\n            <h4 class=\"sc_team_item_title\"><a href=\"https:\/\/patfritz.de\/en\/team\/rainer-basfeld\/\">Dipl.-Wirt.-Ing. Jennifer Kempen<\/a><\/h4>\r\n\t\t<\/div>\r\n\t\t<div class=\"sc_team_item_content\"><p>Tel:   +49 (0)2932 \/ 97 61  0<br \/>\nFax: +49 (0)2932 \/ 97 61  22<br \/>\nEmail:  mail@patfritz.de<\/p>\n<\/div>\r\n\t\t<div class=\"sc_team_item_socials socials_wrap\"><\/div><div class=\"sc_team_item_button\"><a href=\"https:\/\/patfritz.de\/en\/team\/rainer-basfeld\/\" class=\"sc_button sc_button_simple\">Mehr<\/a><\/div><\/div>\r\n<\/div><\/div><div class=\"trx_addons_column-1_2\"><div class=\"sc_team_item no_links post-4309 cpt_team type-cpt_team status-publish has-post-thumbnail hentry cpt_team_group-de\">\r\n\t<div class=\"post_featured with_thumb hover_icon sc_team_item_thumb post_featured_bg justitia_inline_1020075682\">\t\t\t\t\t\t<div class=\"mask\"><\/div>\n\t\t\t\t\t\t\t\t\t<div class=\"icons\"><a href=\"https:\/\/patfritz.de\/en\/team\/dr-ing-christian-heckmann\/\"  aria-hidden=\"true\" class=\"icon-search-alt\"><\/a><\/div>\n\t\t\t<\/div>\t<div class=\"sc_team_item_info\">\r\n\t\t<div class=\"sc_team_item_header\">\r\n            <div class=\"sc_team_item_subtitle\">Patent attorney<\/div>\r\n            <h4 class=\"sc_team_item_title\"><a href=\"https:\/\/patfritz.de\/en\/team\/dr-ing-christian-heckmann\/\">Dr.-Ing. Christian Heckmann<\/a><\/h4>\r\n\t\t<\/div>\r\n\t\t<div class=\"sc_team_item_content\"><p>Tel:   +49 (0)2932 \/ 97 61  0<br \/>\nFax: +49 (0)2932 \/ 97 61  22<br \/>\nEmail:  mail@patfritz.de<\/p>\n<\/div>\r\n\t\t<div class=\"sc_team_item_socials socials_wrap\"><\/div><div class=\"sc_team_item_button\"><a href=\"https:\/\/patfritz.de\/en\/team\/dr-ing-christian-heckmann\/\" class=\"sc_button sc_button_simple\">Mehr<\/a><\/div><\/div>\r\n<\/div><\/div><div class=\"trx_addons_column-1_2\"><div class=\"sc_team_item no_links post-4299 cpt_team type-cpt_team status-publish has-post-thumbnail hentry cpt_team_group-de\">\r\n\t<div class=\"post_featured with_thumb hover_icon sc_team_item_thumb post_featured_bg justitia_inline_1524658955\">\t\t\t\t\t\t<div class=\"mask\"><\/div>\n\t\t\t\t\t\t\t\t\t<div class=\"icons\"><a href=\"https:\/\/patfritz.de\/en\/team\/eva-korff\/\"  aria-hidden=\"true\" class=\"icon-search-alt\"><\/a><\/div>\n\t\t\t<\/div>\t<div class=\"sc_team_item_info\">\r\n\t\t<div class=\"sc_team_item_header\">\r\n            <div class=\"sc_team_item_subtitle\">Lawyer<\/div>\r\n            <h4 class=\"sc_team_item_title\"><a href=\"https:\/\/patfritz.de\/en\/team\/eva-korff\/\">Eva <br>Korff<\/a><\/h4>\r\n\t\t<\/div>\r\n\t\t<div class=\"sc_team_item_content\"><p>Tel:   +49 (0)2932 \/ 97 61  0<br \/>\nFax: +49 (0)2932 \/ 97 61  22<br \/>\nEmail:  mail@patfritz.de<\/p>\n<\/div>\r\n\t\t<div class=\"sc_team_item_socials socials_wrap\"><\/div><div class=\"sc_team_item_button\"><a href=\"https:\/\/patfritz.de\/en\/team\/eva-korff\/\" class=\"sc_button sc_button_simple\">Mehr<\/a><\/div><\/div>\r\n<\/div><\/div><\/div><\/div><!-- \/.sc_team -->\t\t<\/div>\n\t\t\t\t<\/div>\n\t\t\t\t\t<\/div>\n\t\t<\/div>\n\t\t\t\t\t<\/div>\n\t\t<\/section>\n\t\t\t\t<section class=\"elementor-section elementor-top-section elementor-element elementor-element-ac37079 elementor-section-boxed elementor-section-height-default elementor-section-height-default\" data-id=\"ac37079\" data-element_type=\"section\">\n\t\t\t\t\t\t<div class=\"elementor-container elementor-column-gap-extended\">\n\t\t\t\t\t<div class=\"elementor-column elementor-col-100 elementor-top-column elementor-element elementor-element-0fa68d0 sc_inner_width_none sc_layouts_column_icons_position_left\" data-id=\"0fa68d0\" data-element_type=\"column\">\n\t\t\t<div class=\"elementor-widget-wrap elementor-element-populated\">\n\t\t\t\t\t\t<div class=\"elementor-element elementor-element-cb707a7 elementor-widget elementor-widget-spacer\" data-id=\"cb707a7\" data-element_type=\"widget\" data-widget_type=\"spacer.default\">\n\t\t\t\t<div class=\"elementor-widget-container\">\n\t\t\t\t\t<div class=\"elementor-spacer\">\n\t\t\t<div class=\"elementor-spacer-inner\"><\/div>\n\t\t<\/div>\n\t\t\t\t<\/div>\n\t\t\t\t<\/div>\n\t\t\t\t\t<\/div>\n\t\t<\/div>\n\t\t\t\t\t<\/div>\n\t\t<\/section>\n\t\t\t\t<\/div>","protected":false},"excerpt":{"rendered":"<p>Kompetenz &amp; Erfahrung Immer einen Schritt voraus! Ihre pers\u00f6nlichen Ansprechpartner! Wir sind f\u00fcrSie da! Profitieren Sie von unserer Kompetenz und nutzen Sie unsere jahrelange Erfahrung. Wir sind f\u00fcr Sie da, wenn Sie Fragen zu Patenten, Marken &amp;&hellip;<\/p>","protected":false},"author":1,"featured_media":0,"parent":0,"menu_order":0,"comment_status":"closed","ping_status":"closed","template":"","meta":{"footnotes":""},"class_list":["post-1992","page","type-page","status-publish","hentry"],"_links":{"self":[{"href":"https:\/\/patfritz.de\/en\/wp-json\/wp\/v2\/pages\/1992","targetHints":{"allow":["GET"]}}],"collection":[{"href":"https:\/\/patfritz.de\/en\/wp-json\/wp\/v2\/pages"}],"about":[{"href":"https:\/\/patfritz.de\/en\/wp-json\/wp\/v2\/types\/page"}],"author":[{"embeddable":true,"href":"https:\/\/patfritz.de\/en\/wp-json\/wp\/v2\/users\/1"}],"replies":[{"embeddable":true,"href":"https:\/\/patfritz.de\/en\/wp-json\/wp\/v2\/comments?post=1992"}],"version-history":[{"count":58,"href":"https:\/\/patfritz.de\/en\/wp-json\/wp\/v2\/pages\/1992\/revisions"}],"predecessor-version":[{"id":4591,"href":"https:\/\/patfritz.de\/en\/wp-json\/wp\/v2\/pages\/1992\/revisions\/4591"}],"wp:attachment":[{"href":"https:\/\/patfritz.de\/en\/wp-json\/wp\/v2\/media?parent=1992"}],"curies":[{"name":"wp","href":"https:\/\/api.w.org\/{rel}","templated":true}]}}