{"id":4066,"date":"2022-03-31T09:14:21","date_gmt":"2022-03-31T07:14:21","guid":{"rendered":"https:\/\/patfritz.de\/?page_id=4066"},"modified":"2022-03-31T09:18:19","modified_gmt":"2022-03-31T07:18:19","slug":"dipl-ing-joerg-graefe","status":"publish","type":"page","link":"https:\/\/patfritz.de\/en\/dipl-ing-joerg-graefe\/","title":{"rendered":"Dipl.-Ing. J\u00f6rg Graefe"},"content":{"rendered":"<div data-elementor-type=\"wp-post\" data-elementor-id=\"4066\" class=\"elementor elementor-4066\">\n\t\t\t\t\t\t<section class=\"elementor-section elementor-top-section elementor-element elementor-element-40388c2d elementor-section-stretched elementor-section-boxed elementor-section-height-default elementor-section-height-default\" data-id=\"40388c2d\" data-element_type=\"section\" data-settings=\"{&quot;background_background&quot;:&quot;classic&quot;,&quot;stretch_section&quot;:&quot;section-stretched&quot;}\">\n\t\t\t\t\t\t<div class=\"elementor-container elementor-column-gap-extended\">\n\t\t\t\t\t<div class=\"elementor-column elementor-col-50 elementor-top-column elementor-element elementor-element-11decd2f sc_inner_width_none sc_layouts_column_icons_position_left\" data-id=\"11decd2f\" data-element_type=\"column\" data-settings=\"{&quot;background_background&quot;:&quot;classic&quot;}\">\n\t\t\t<div class=\"elementor-widget-wrap elementor-element-populated\">\n\t\t\t\t\t\t<div class=\"elementor-element elementor-element-ae2e328 elementor-widget elementor-widget-image\" data-id=\"ae2e328\" data-element_type=\"widget\" data-widget_type=\"image.default\">\n\t\t\t\t<div class=\"elementor-widget-container\">\n\t\t\t\t\t\t\t\t\t\t\t\t\t<img fetchpriority=\"high\" decoding=\"async\" width=\"1024\" height=\"1024\" src=\"https:\/\/patfritz.de\/wp-content\/uploads\/2021\/02\/DB_Fritz_Patentanwaelte_210412_0041_15cm_quadrat_Graefe-1024x1024.jpg\" class=\"attachment-large size-large wp-image-2717\" alt=\"\" srcset=\"https:\/\/patfritz.de\/wp-content\/uploads\/2021\/02\/DB_Fritz_Patentanwaelte_210412_0041_15cm_quadrat_Graefe-1024x1024.jpg 1024w, https:\/\/patfritz.de\/wp-content\/uploads\/2021\/02\/DB_Fritz_Patentanwaelte_210412_0041_15cm_quadrat_Graefe-300x300.jpg 300w, https:\/\/patfritz.de\/wp-content\/uploads\/2021\/02\/DB_Fritz_Patentanwaelte_210412_0041_15cm_quadrat_Graefe-150x150.jpg 150w, https:\/\/patfritz.de\/wp-content\/uploads\/2021\/02\/DB_Fritz_Patentanwaelte_210412_0041_15cm_quadrat_Graefe-768x768.jpg 768w, https:\/\/patfritz.de\/wp-content\/uploads\/2021\/02\/DB_Fritz_Patentanwaelte_210412_0041_15cm_quadrat_Graefe-1536x1536.jpg 1536w, https:\/\/patfritz.de\/wp-content\/uploads\/2021\/02\/DB_Fritz_Patentanwaelte_210412_0041_15cm_quadrat_Graefe-370x370.jpg 370w, https:\/\/patfritz.de\/wp-content\/uploads\/2021\/02\/DB_Fritz_Patentanwaelte_210412_0041_15cm_quadrat_Graefe-115x115.jpg 115w, https:\/\/patfritz.de\/wp-content\/uploads\/2021\/02\/DB_Fritz_Patentanwaelte_210412_0041_15cm_quadrat_Graefe-803x804.jpg 803w, https:\/\/patfritz.de\/wp-content\/uploads\/2021\/02\/DB_Fritz_Patentanwaelte_210412_0041_15cm_quadrat_Graefe-406x406.jpg 406w, https:\/\/patfritz.de\/wp-content\/uploads\/2021\/02\/DB_Fritz_Patentanwaelte_210412_0041_15cm_quadrat_Graefe.jpg 1594w\" sizes=\"(max-width: 1024px) 100vw, 1024px\" \/>\t\t\t\t\t\t\t\t\t\t\t\t\t<\/div>\n\t\t\t\t<\/div>\n\t\t\t\t<section class=\"elementor-section elementor-inner-section elementor-element elementor-element-a701895 elementor-section-boxed elementor-section-height-default elementor-section-height-default\" data-id=\"a701895\" data-element_type=\"section\">\n\t\t\t\t\t\t<div class=\"elementor-container elementor-column-gap-extended\">\n\t\t\t\t\t<div class=\"elementor-column elementor-col-100 elementor-inner-column elementor-element elementor-element-03c7958 sc_inner_width_none sc_layouts_column_icons_position_left\" data-id=\"03c7958\" data-element_type=\"column\" data-settings=\"{&quot;background_background&quot;:&quot;classic&quot;}\">\n\t\t\t<div class=\"elementor-widget-wrap elementor-element-populated\">\n\t\t\t\t\t\t<div class=\"elementor-element elementor-element-48770ac elementor-widget elementor-widget-text-editor\" data-id=\"48770ac\" data-element_type=\"widget\" data-widget_type=\"text-editor.default\">\n\t\t\t\t<div class=\"elementor-widget-container\">\n\t\t\t\t\t\t\t<p>PATENT ATTORNEY<\/p>\t\t\t\t\t\t<\/div>\n\t\t\t\t<\/div>\n\t\t\t\t<div class=\"elementor-element elementor-element-341adda elementor-widget elementor-widget-heading\" data-id=\"341adda\" data-element_type=\"widget\" data-widget_type=\"heading.default\">\n\t\t\t\t<div class=\"elementor-widget-container\">\n\t\t\t<h2 class=\"elementor-heading-title elementor-size-default\">Dip.-Ing. J\u00f6rg Graefe<\/h2>\t\t<\/div>\n\t\t\t\t<\/div>\n\t\t\t\t<div class=\"elementor-element elementor-element-d38f19e elementor-widget elementor-widget-spacer\" data-id=\"d38f19e\" data-element_type=\"widget\" data-widget_type=\"spacer.default\">\n\t\t\t\t<div class=\"elementor-widget-container\">\n\t\t\t\t\t<div class=\"elementor-spacer\">\n\t\t\t<div class=\"elementor-spacer-inner\"><\/div>\n\t\t<\/div>\n\t\t\t\t<\/div>\n\t\t\t\t<\/div>\n\t\t\t\t\t<\/div>\n\t\t<\/div>\n\t\t\t\t\t<\/div>\n\t\t<\/section>\n\t\t\t\t\t<\/div>\n\t\t<\/div>\n\t\t\t\t<div class=\"elementor-column elementor-col-50 elementor-top-column elementor-element elementor-element-b5051f9 sc_inner_width_none sc_layouts_column_icons_position_left\" data-id=\"b5051f9\" data-element_type=\"column\" data-settings=\"{&quot;background_background&quot;:&quot;classic&quot;}\">\n\t\t\t<div class=\"elementor-widget-wrap elementor-element-populated\">\n\t\t\t\t\t\t<div class=\"elementor-element elementor-element-ee2b30e elementor-widget elementor-widget-text-editor\" data-id=\"ee2b30e\" data-element_type=\"widget\" data-widget_type=\"text-editor.default\">\n\t\t\t\t<div class=\"elementor-widget-container\">\n\t\t\t\t\t\t\t<div class=\"elementor-element elementor-element-5406a43 elementor-widget elementor-widget-text-editor\" data-id=\"5406a43\" data-element_type=\"widget\" data-widget_type=\"text-editor.default\"><div class=\"elementor-widget-container\"><div class=\"elementor-text-editor elementor-clearfix\"><p>J\u00f6rg Graefe studied electrotechnology at the TU [Technical University] Darmstadt and the Universit\u00e9 Libre de Bruxelles [Free University of Brussels]. Since then, J\u00f6rg Graefe has worked in the field of industrial property rights. He completed his training as a patent attorney in 2001 and has worked for the law office FRITZ since then.<\/p><p>In the law office, he looks after the clients for German and international patent and trademark matters including questions of violation and employee invention law.<\/p><p>In private, he enjoys being out and about outdoors, loves travelling, goes running and cycles with pleasure and can often be found on the water in summer.<\/p><\/div><\/div><\/div>\t\t\t\t\t\t<\/div>\n\t\t\t\t<\/div>\n\t\t\t\t<div class=\"elementor-element elementor-element-b8d8f26 elementor-widget elementor-widget-button\" data-id=\"b8d8f26\" data-element_type=\"widget\" data-widget_type=\"button.default\">\n\t\t\t\t<div class=\"elementor-widget-container\">\n\t\t\t\t\t<div class=\"elementor-button-wrapper\">\n\t\t\t<a class=\"elementor-button elementor-button-link elementor-size-sm\" href=\"https:\/\/patfritz.de\/en\/team-en\/\">\n\t\t\t\t\t\t<span class=\"elementor-button-content-wrapper\">\n\t\t\t\t\t\t\t\t\t<span class=\"elementor-button-text\">Back<\/span>\n\t\t\t\t\t<\/span>\n\t\t\t\t\t<\/a>\n\t\t<\/div>\n\t\t\t\t<\/div>\n\t\t\t\t<\/div>\n\t\t\t\t\t<\/div>\n\t\t<\/div>\n\t\t\t\t\t<\/div>\n\t\t<\/section>\n\t\t\t\t<\/div>","protected":false},"excerpt":{"rendered":"<p>PATENT ATTORNEY Dip.-Ing. J\u00f6rg Graefe J\u00f6rg Graefe studied electrotechnology at the TU [Technical University] Darmstadt and the Universit\u00e9 Libre de Bruxelles [Free University of Brussels]. Since then, J\u00f6rg Graefe has worked in the field of industrial property&hellip;<\/p>","protected":false},"author":1,"featured_media":0,"parent":0,"menu_order":0,"comment_status":"closed","ping_status":"closed","template":"","meta":{"footnotes":""},"class_list":["post-4066","page","type-page","status-publish","hentry"],"_links":{"self":[{"href":"https:\/\/patfritz.de\/en\/wp-json\/wp\/v2\/pages\/4066","targetHints":{"allow":["GET"]}}],"collection":[{"href":"https:\/\/patfritz.de\/en\/wp-json\/wp\/v2\/pages"}],"about":[{"href":"https:\/\/patfritz.de\/en\/wp-json\/wp\/v2\/types\/page"}],"author":[{"embeddable":true,"href":"https:\/\/patfritz.de\/en\/wp-json\/wp\/v2\/users\/1"}],"replies":[{"embeddable":true,"href":"https:\/\/patfritz.de\/en\/wp-json\/wp\/v2\/comments?post=4066"}],"version-history":[{"count":5,"href":"https:\/\/patfritz.de\/en\/wp-json\/wp\/v2\/pages\/4066\/revisions"}],"predecessor-version":[{"id":4071,"href":"https:\/\/patfritz.de\/en\/wp-json\/wp\/v2\/pages\/4066\/revisions\/4071"}],"wp:attachment":[{"href":"https:\/\/patfritz.de\/en\/wp-json\/wp\/v2\/media?parent=4066"}],"curies":[{"name":"wp","href":"https:\/\/api.w.org\/{rel}","templated":true}]}}