{"id":4452,"date":"2024-01-17T08:17:46","date_gmt":"2024-01-17T07:17:46","guid":{"rendered":"https:\/\/patfritz.de\/?page_id=4452"},"modified":"2025-07-30T14:31:50","modified_gmt":"2025-07-30T12:31:50","slug":"impressum-2","status":"publish","type":"page","link":"https:\/\/patfritz.de\/en\/impressum-2\/","title":{"rendered":"Imprint"},"content":{"rendered":"<div data-elementor-type=\"wp-post\" data-elementor-id=\"4452\" class=\"elementor elementor-4452\">\n\t\t\t\t\t\t<section class=\"elementor-section elementor-top-section elementor-element elementor-element-1a7fda31 elementor-section-boxed elementor-section-height-default elementor-section-height-default\" data-id=\"1a7fda31\" data-element_type=\"section\" data-settings=\"{&quot;background_background&quot;:&quot;classic&quot;}\">\n\t\t\t\t\t\t<div class=\"elementor-container elementor-column-gap-extended\">\n\t\t\t\t\t<div class=\"elementor-column elementor-col-100 elementor-top-column elementor-element elementor-element-73031e3d sc_inner_width_none sc_layouts_column_icons_position_left\" data-id=\"73031e3d\" data-element_type=\"column\">\n\t\t\t<div class=\"elementor-widget-wrap elementor-element-populated\">\n\t\t\t\t\t\t<div class=\"elementor-element elementor-element-9e14014 elementor-widget elementor-widget-spacer\" data-id=\"9e14014\" data-element_type=\"widget\" data-widget_type=\"spacer.default\">\n\t\t\t\t<div class=\"elementor-widget-container\">\n\t\t\t\t\t<div class=\"elementor-spacer\">\n\t\t\t<div class=\"elementor-spacer-inner\"><\/div>\n\t\t<\/div>\n\t\t\t\t<\/div>\n\t\t\t\t<\/div>\n\t\t\t\t<div class=\"elementor-element elementor-element-1db72282 elementor-widget__width-initial elementor-widget elementor-widget-text-editor\" data-id=\"1db72282\" data-element_type=\"widget\" data-widget_type=\"text-editor.default\">\n\t\t\t\t<div class=\"elementor-widget-container\">\n\t\t\t\t\t\t\t<p><b>Diensteanbieter<\/b><\/p><p>FRITZ Patent- und Rechtsanw\u00e4lte Partnerschaft mbB<\/p><p>FRITZ Patent- und Rechtsanw\u00e4lte Partnerschaft mbB ist eine Partnerschaftsgesellschaft mit beschr\u00e4nkter Berufshaftung nach Ma\u00dfgabe des Partnerschaftsgesellschaftsgesetzes mit Sitz in Arnsberg, eingetragen im Partnerschaftsregister des Amtsgerichts Essen unter der PR 3166.<\/p><p>Umsatzsteueridentifikationsnummer: DE 123883857<\/p><p><b>Vertretungsberechtigte:<\/b><\/p><p>Dr. Rainer Basfeld, Patentanwalt (Bundesrepublik Deutschland)<br \/>Zugelassener Vertreter vor dem Europ\u00e4ischen Patentamt<\/p><p>J\u00f6rg Graefe, Patentanwalt (Bundesrepublik Deutschland)<br \/>Zugelassener Vertreter vor dem Europ\u00e4ischen Patentamt<\/p><p>Jochen Sch\u00e4perklaus, Patentanwalt (Bundesrepublik Deutschland)<br \/>Zugelassener Vertreter vor dem Europ\u00e4ischen Patentamt<\/p><p>Marco Hoffmann, Rechtsanwalt (Bundesrepublik Deutschland)<\/p><p class=\"p1\">Dr.-Ing. Christian Heckmann, Patentanwalt (Bundesrepublik Deutschland)<br \/>Zugelassener Vertreter vor dem Europ\u00e4ischen Patentamt<\/p><p class=\"p1\">Dipl.-Wirt.-Ing. Jennifer Kempen, Patentanwalt (Bundesrepublik Deutschland)<br \/>Zugelassener Vertreter vor dem Europ\u00e4ischen Patentamt<\/p><p><b>Postanschrift:<\/b><\/p><p>Apothekerstra\u00dfe 55<br \/>D-59755 Arnsberg<\/p><p><b>Kontaktdaten:<\/b><\/p><p><span lang=\"en-GB\">Tel.: + 49 (0) 29 32 \/ 97 61 0<br \/><\/span><span lang=\"en-GB\">Fax: + 49 (0) 29 32 \/ 97 61 22<br \/><\/span>E-Mail: <a href=\"mailto:mail@patfritz.de\">mail[at]patfritz.de<\/a><\/p><p>Internet: <a href=\"https:\/\/patfritz.de\/en\/\">www.patfritz.de<\/a><\/p><p>SafeID:\u00a0<span style=\"font-size: 19px;\">DE.BRAK.5e4f67a8-4302-4e11-bb92-4fa046a032b9.e33a<\/span><\/p><p><b>Aufsichtsbeh\u00f6rden:<\/b><\/p><p>Patentanw\u00e4lte:<br \/>Patentanwaltskammer<br \/>Tal 29, 80331 M\u00fcnchen<br \/><a href=\"http:\/\/www.patentanwaltskammer.de\">http:\/\/www.patentanwaltskammer.de<\/a><\/p><p>Europ\u00e4ische Patentanw\u00e4lte:<br \/>Institut der beim Europ\u00e4ischen Patentamt zugelassenen Vertreter (epi)<br \/>Tal 29, 80331 M\u00fcnchen<br \/><a href=\"https:\/\/patentepi.org\/de\">https:\/\/patentepi.org\/de<\/a><\/p><p>Rechtsanw\u00e4lte:<br \/>Rechtsanwaltskammer f\u00fcr den Oberlandesgerichtsbezirk Hamm<br \/>Ostenallee 18, 59063 Hamm<br \/><a href=\"http:\/\/www.rechtsanwaltskammer-hamm.de\">http:\/\/www.rechtsanwaltskammer-hamm.de<\/a><\/p><p><b>Berufsrechtliche Regelungen:<\/b><\/p><p><b>Patentanw\u00e4lte:<br \/><\/b>PAO \u2013 Patentanwaltsordnung (BGBl I 1966, S 557, zuletzt ge\u00e4ndert durch BGBl I 2001, S. 3656)<br \/><a href=\"https:\/\/www.gesetze-im-internet.de\/patanwo\/BJNR005570966.html\">https:\/\/www.gesetze-im-internet.de\/patanwo\/BJNR005570966.html<\/a><\/p><p>BOPA \u2013 Berufsordnung Patentanw\u00e4lte (Mitt. 1997, 243 ff)<\/p><p><strong>Europ\u00e4ische Patentanw\u00e4lte:<br \/><\/strong>Richtlinien des Instituts der beim Europ\u00e4ischen Patentamt zugelassenen Vertreter f\u00fcr die Berufsaus\u00fcbung<br \/><a href=\"https:\/\/www.patentanwalt.de\/files\/pak\/pdf\/pa\/berufsordnung\/14_03_Berufsordnung.pdf\">https:\/\/www.patentanwalt.de\/files\/pak\/pdf\/pa\/berufsordnung\/14_03_Berufsordnung.pdf<\/a><\/p><p>Disziplinarregeln:<br \/><a href=\"https:\/\/patentepi.org\/de\/das-institut\/regeln-des-epi.html\">https:\/\/patentepi.org\/de\/das-institut\/regeln-des-epi.html<\/a><\/p><p><b>Rechtsanw\u00e4lte:<br \/><\/b>RVG (Rechtsanwaltsverg\u00fctungsgesetz)<br \/><a href=\"http:\/\/bundesrecht.juris.de\/rvg\/index.html\">http:\/\/bundesrecht.juris.de\/rvg\/index.html<\/a><\/p><p>BORA (Berufsordnung Rechtsanw\u00e4lte)<br \/><a href=\"http:\/\/www.brak.de\/seiten\/pdf\/bora.pdf\">http:\/\/www.brak.de\/seiten\/pdf\/bora.pdf<\/a><\/p><p>FAO (Fachanwaltsordnung)<br \/><a href=\"https:\/\/www.brak.de\/anwaltschaft\/berufsrecht\/allgemeine-informationen\/#c8011\">https:\/\/www.brak.de\/anwaltschaft\/berufsrecht\/allgemeine-informationen\/#c8011<\/a><\/p><p>CCBE (Standesregeln der Rechtsanw\u00e4lte der Europ\u00e4ischen Gemeinschaft)<br \/><a href=\"https:\/\/www.brak.de\/anwaltschaft\/berufsrecht\/allgemeine-informationen\/#c8013\">https:\/\/www.brak.de\/anwaltschaft\/berufsrecht\/allgemeine-informationen\/#c8013<\/a><\/p><p>BRAO (Bundesrechtsanwaltsordnung)<br \/><a href=\"http:\/\/bundesrecht.juris.de\/bundesrecht\/brao\/index.html\">http:\/\/bundesrecht.juris.de\/bundesrecht\/brao\/index.html<\/a><\/p><p>Alle Patentanw\u00e4lte von FRiTZ Patent- und Rechtsanw\u00e4lte Partnerschaft mbB sind Mitglieder der FICPI F\u00e9d\u00e9ration internationale des conseils en propri\u00e9t\u00e9 industrielle (Internationale F\u00f6deration von Patentanw\u00e4lten)<br \/><a href=\"http:\/\/www.ficpi.org\">http:\/\/www.ficpi.org<\/a><\/p><p>(FICPI Standesregeln: <a href=\"https:\/\/ficpi.org\/system\/files\/FICPI%20Code%20of%20Conduct%202021.pdf\">https:\/\/ficpi.org\/system\/files\/FICPI%20Code%20of%20Conduct%202021.pdf<\/a>).<\/p><p><b>Kammermitgliedschaften:<\/b><\/p><p><b>Rechtsanw\u00e4lte:<br \/><\/b>Rechtsanwaltskammer f\u00fcr den Oberlandesgerichtsbezirk Hamm<br \/>Ostenallee 18, 59063 Hamm<br \/><a href=\"http:\/\/www.rechtsanwaltskammer-hamm.de\">http:\/\/www.rechtsanwaltskammer-hamm.de<\/a><\/p><p><b>Patentanw\u00e4lte:<br \/><\/b>Patentanwaltskammer<br \/>Tal 29, 80331 M\u00fcnchen<br \/><a href=\"http:\/\/www.patentanwaltskammer.de\">http:\/\/www.patentanwaltskammer.de<\/a><\/p><p><b>Verantwortliche<\/b><\/p><p>Verantwortlicher gem\u00e4\u00df \u00a7 18 Abs. 2 Medienstaatsvertrag:<br \/>FRITZ Patent- und Rechtsanw\u00e4lte Partnerschaft mbB, Apothekerstra\u00dfe 55, 59755 Arnsberg<\/p><p><b>Berufshaftpflichtversicherung:<br \/><\/b>Wir sind bei der SIGNAL IDUNA Allgemeine Versicherung AG (Joseph-Scherer-Stra\u00dfe 3, 44139 Dortmund) versichert.<\/p><p>R\u00e4umlicher Geltungsbereich:<br \/>\u2013 f\u00fcr Rechtsanw\u00e4lte: Im gesamten EU-Gebiet und den Staaten des Abkommens \u00fcber den Europ\u00e4ischen Wirtschaftsraum.<\/p><p>\u2013 f\u00fcr Patentanw\u00e4lte: weltweit<\/p><p><strong>Hinweis zu Verbraucherschlichtungsstelle:<br \/><\/strong>Wir nehmen nicht an einem Streitbeilegungsverfahren vor einer Verbraucherschlichtungsstelle teil und sind dazu auch nicht verpflichtet.<\/p><p><b>Au\u00dfergerichtliche Streitschlichtung:<br \/><\/b>Bei Streitigkeiten zwischen Rechtsanw\u00e4lten und ihren Auftraggebern beziehungsweise Patentanw\u00e4lten und ihren Auftraggebern besteht auf Antrag die M\u00f6glichkeit der au\u00dfergerichtlichen Streitschlichtung bei der regionalen Rechtsanwaltskammer Hamm (gem\u00e4\u00df \u00a7 73 II Nr. 3 i. V. m. \u00a7 73 V BRAO) oder bei der Schlichtungsstelle der Rechtsanwaltschaft (\u00a7 191 folgende BRAGO) bei der Bundesrechtsanwaltskammer, im Internet zu finden \u00fcber die Homepage der Bundesrechtsanwaltskammer (<a href=\"http:\/\/www.brak.de\">www.brak.de<\/a>),<\/p><p>Email: <a href=\"mailto:Schlichtungsstelle@brak.de\">Schlichtungsstelle@brak.de<\/a> f\u00fcr Streitigkeiten zwischen Patentanw\u00e4lten und deren Auftraggebern besteht die M\u00f6glichkeit der au\u00dfergerichtlichen Streitschlichtung durch die Patentanwaltskammer (gem\u00e4\u00df \u00a7 69 II Nr. 3 i. V. m. \u00a769 V PAO) im Internet zu erreichen \u00fcber die Homepage <a href=\"http:\/\/www.patentanwalt.de\">www.patentanwalt.de<\/a>.<\/p><p><b>Haftung<br \/><\/b>Wir sind f\u00fcr die Inhalte unserer Internetseiten nach den Ma\u00dfgaben der allgemeinen Gesetze verantwortlich. Alle Inhalte werden mit der gebotenen Sorgfalt und nach bestem Wissen erstellt. Soweit wir auf unseren Internetseiten mittels Hyperlink auf Internetseiten Dritter verweisen, k\u00f6nnen wir keine Gew\u00e4hr f\u00fcr die fortw\u00e4hrende Aktualit\u00e4t, Richtigkeit und Vollst\u00e4ndigkeit der verlinkten Inhalte \u00fcbernehmen, da diese Inhalte au\u00dferhalb unseres Verantwortungsbereichs liegen und wir auf die zuk\u00fcnftige Gestaltung keinen Einfluss haben. Sollten aus Ihrer Sicht Inhalte gegen geltendes Recht versto\u00dfen oder unangemessen sein, teilen Sie uns dies bitte mit.<\/p><p>Die rechtlichen Hinweise auf dieser Seite sowie alle Fragen und Streitigkeiten im Zusammenhang mit der Gestaltung dieser Internetseite unterliegen dem Recht der Bundesrepublik Deutschland.<\/p><p><b>Privacy Policy<\/b><\/p><p>Datenschutzbeauftragter ist<\/p><p>Juri Nickel<br \/>Dataschutz UG (haftungsbeschr\u00e4nkt)<br \/><a href=\"mailto:j.nickel@dataschutz.de\">j.nickel@dataschutz.de<\/a><\/p><p>Unsere Datenschutzhinweise finden Sie unter<br \/><a href=\"https:\/\/patfritz.de\/en\/datenschutz\/\">https:\/\/patfritz.de\/datenschutz\/<\/a><\/p><p><b>Urheberrechtshinweis<\/b><\/p><p>Die auf unserer Internetseite vorhandenen Texte, Bilder, Fotos, Videos oder Grafiken unterliegen in der Regel dem Schutz des Urheberrechts. Jede unberechtigte Verwendung (insbesondere die Vervielf\u00e4ltigung, Bearbeitung oder Verbreitung) dieser urheberrechtsgesch\u00fctzten Inhalte ist daher untersagt. Wenn Sie beabsichtigen, diese Inhalte oder Teile davon zu verwenden, kontaktieren Sie uns bitte im Voraus unter den oben stehenden Angaben. Soweit wir nicht selbst Inhaber der ben\u00f6tigten urheberrechtlichen Nutzungsrechte sein sollten, bem\u00fchen wir uns, einen Kontakt zum Berechtigten zu vermitteln.<\/p><p><b>Social Media-Profile<\/b><\/p><p>Dieses Impressum gilt auch f\u00fcr folgende Social Media-Profile:<\/p><p><span lang=\"en-GB\">&#8211; Xing:<br \/><a href=\"https:\/\/www.xing.com\/pages\/fritzpatent-\">https:\/\/www.xing.com\/pages\/fritzpatent-<\/a><\/span>undrechtsanwaltepartnerschaftmbb<\/p><p>&#8211; LinkedIn:<br \/><a href=\"https:\/\/www.linkedin.com\/company\/fritz-patent-und-rechtsanw\u00e4lte-partnerschaft-mbb\/\">https:\/\/www.linkedin.com\/company\/fritz-patent-und-rechtsanw\u00e4lte-partnerschaft-mbb\/<\/a><\/p><p><b>Berufliche Gemeinschaften<\/b><\/p><p>FRITZ Patent- und Rechtsanw\u00e4lte Partnerschaft mbB unterh\u00e4lt eine st\u00e4ndige Kooperation mit der Kanzlei Wortmann &amp; Kollegen, Wagenbergstra\u00dfe 2, 59759 Arnsberg.<\/p><p>Die Wahrnehmung widerstreitender Interessen ist Patentanw\u00e4lten und Rechtsanw\u00e4lten aufgrund berufsrechtlicher Regelungen (\u00a7 43 a IV BRAO und \u00a7 39a IV PAO) untersagt. Vor Annahme eines Mandates wird deshalb immer gepr\u00fcft, ob ein Interessenkonflikt vorliegt.<\/p>\t\t\t\t\t\t<\/div>\n\t\t\t\t<\/div>\n\t\t\t\t\t<\/div>\n\t\t<\/div>\n\t\t\t\t\t<\/div>\n\t\t<\/section>\n\t\t\t\t<section class=\"elementor-section elementor-top-section elementor-element elementor-element-588da5bc elementor-section-boxed elementor-section-height-default elementor-section-height-default\" data-id=\"588da5bc\" data-element_type=\"section\">\n\t\t\t\t\t\t<div class=\"elementor-container elementor-column-gap-extended\">\n\t\t\t\t\t<div class=\"elementor-column elementor-col-100 elementor-top-column elementor-element elementor-element-3470b183 sc_inner_width_none sc_layouts_column_icons_position_left\" data-id=\"3470b183\" data-element_type=\"column\">\n\t\t\t<div class=\"elementor-widget-wrap elementor-element-populated\">\n\t\t\t\t\t\t<div class=\"elementor-element elementor-element-7bf51c1 elementor-widget elementor-widget-spacer\" data-id=\"7bf51c1\" data-element_type=\"widget\" data-widget_type=\"spacer.default\">\n\t\t\t\t<div class=\"elementor-widget-container\">\n\t\t\t\t\t<div class=\"elementor-spacer\">\n\t\t\t<div class=\"elementor-spacer-inner\"><\/div>\n\t\t<\/div>\n\t\t\t\t<\/div>\n\t\t\t\t<\/div>\n\t\t\t\t\t<\/div>\n\t\t<\/div>\n\t\t\t\t\t<\/div>\n\t\t<\/section>\n\t\t\t\t<section class=\"elementor-section elementor-top-section elementor-element elementor-element-1414512f elementor-section-boxed elementor-section-height-default elementor-section-height-default\" data-id=\"1414512f\" data-element_type=\"section\">\n\t\t\t\t\t\t<div class=\"elementor-container elementor-column-gap-extended\">\n\t\t\t\t\t<div class=\"elementor-column elementor-col-100 elementor-top-column elementor-element elementor-element-3b317577 sc_inner_width_none sc_layouts_column_icons_position_left\" data-id=\"3b317577\" data-element_type=\"column\">\n\t\t\t<div class=\"elementor-widget-wrap elementor-element-populated\">\n\t\t\t\t\t\t<div class=\"elementor-element elementor-element-6ea22bd3 elementor-widget elementor-widget-spacer\" data-id=\"6ea22bd3\" data-element_type=\"widget\" data-widget_type=\"spacer.default\">\n\t\t\t\t<div class=\"elementor-widget-container\">\n\t\t\t\t\t<div class=\"elementor-spacer\">\n\t\t\t<div class=\"elementor-spacer-inner\"><\/div>\n\t\t<\/div>\n\t\t\t\t<\/div>\n\t\t\t\t<\/div>\n\t\t\t\t\t<\/div>\n\t\t<\/div>\n\t\t\t\t\t<\/div>\n\t\t<\/section>\n\t\t\t\t<\/div>","protected":false},"excerpt":{"rendered":"<p>Diensteanbieter FRITZ Patent- und Rechtsanw\u00e4lte Partnerschaft mbB FRITZ Patent- und Rechtsanw\u00e4lte Partnerschaft mbB ist eine Partnerschaftsgesellschaft mit beschr\u00e4nkter Berufshaftung nach Ma\u00dfgabe des Partnerschaftsgesellschaftsgesetzes mit Sitz in Arnsberg, eingetragen im Partnerschaftsregister des Amtsgerichts Essen unter der PR 3166.&hellip;<\/p>","protected":false},"author":1,"featured_media":0,"parent":0,"menu_order":0,"comment_status":"closed","ping_status":"closed","template":"","meta":{"footnotes":""},"class_list":["post-4452","page","type-page","status-publish","hentry"],"_links":{"self":[{"href":"https:\/\/patfritz.de\/en\/wp-json\/wp\/v2\/pages\/4452","targetHints":{"allow":["GET"]}}],"collection":[{"href":"https:\/\/patfritz.de\/en\/wp-json\/wp\/v2\/pages"}],"about":[{"href":"https:\/\/patfritz.de\/en\/wp-json\/wp\/v2\/types\/page"}],"author":[{"embeddable":true,"href":"https:\/\/patfritz.de\/en\/wp-json\/wp\/v2\/users\/1"}],"replies":[{"embeddable":true,"href":"https:\/\/patfritz.de\/en\/wp-json\/wp\/v2\/comments?post=4452"}],"version-history":[{"count":27,"href":"https:\/\/patfritz.de\/en\/wp-json\/wp\/v2\/pages\/4452\/revisions"}],"predecessor-version":[{"id":4690,"href":"https:\/\/patfritz.de\/en\/wp-json\/wp\/v2\/pages\/4452\/revisions\/4690"}],"wp:attachment":[{"href":"https:\/\/patfritz.de\/en\/wp-json\/wp\/v2\/media?parent=4452"}],"curies":[{"name":"wp","href":"https:\/\/api.w.org\/{rel}","templated":true}]}}