{"id":52,"date":"2018-07-05T07:24:41","date_gmt":"2018-07-05T07:24:41","guid":{"rendered":"https:\/\/patfritz.de\/?page_id=52"},"modified":"2023-04-24T12:01:01","modified_gmt":"2023-04-24T10:01:01","slug":"impressum","status":"publish","type":"page","link":"https:\/\/patfritz.de\/en\/impressum\/","title":{"rendered":"Imprint"},"content":{"rendered":"<div data-elementor-type=\"wp-post\" data-elementor-id=\"52\" class=\"elementor elementor-52\">\n\t\t\t\t\t\t<section class=\"elementor-section elementor-top-section elementor-element elementor-element-1a7fda31 elementor-section-boxed elementor-section-height-default elementor-section-height-default\" data-id=\"1a7fda31\" data-element_type=\"section\" data-settings=\"{&quot;background_background&quot;:&quot;classic&quot;}\">\n\t\t\t\t\t\t<div class=\"elementor-container elementor-column-gap-extended\">\n\t\t\t\t\t<div class=\"elementor-column elementor-col-100 elementor-top-column elementor-element elementor-element-73031e3d sc_inner_width_none sc_layouts_column_icons_position_left\" data-id=\"73031e3d\" data-element_type=\"column\">\n\t\t\t<div class=\"elementor-widget-wrap elementor-element-populated\">\n\t\t\t\t\t\t<div class=\"elementor-element elementor-element-9e14014 elementor-widget elementor-widget-spacer\" data-id=\"9e14014\" data-element_type=\"widget\" data-widget_type=\"spacer.default\">\n\t\t\t\t<div class=\"elementor-widget-container\">\n\t\t\t\t\t<div class=\"elementor-spacer\">\n\t\t\t<div class=\"elementor-spacer-inner\"><\/div>\n\t\t<\/div>\n\t\t\t\t<\/div>\n\t\t\t\t<\/div>\n\t\t\t\t<div class=\"elementor-element elementor-element-1db72282 elementor-widget__width-initial elementor-widget elementor-widget-text-editor\" data-id=\"1db72282\" data-element_type=\"widget\" data-widget_type=\"text-editor.default\">\n\t\t\t\t<div class=\"elementor-widget-container\">\n\t\t\t\t\t\t\t<p>FRITZ Patent- und Rechtsanw\u00e4lte Partnerschaft mbB<br \/>Dr. Rainer Basfeld, Patentanwalt (Bundesrepublik Deutschland)<br \/>Zugelassener Vertreter vor dem Europ\u00e4ischen Patentamt<br \/>J\u00f6rg Graefe, Patentanwalt (Bundesrepublik Deutschland)<br \/>Zugelassener Vertreter vor dem Europ\u00e4ischen Patentamt<br \/>Dr. J\u00f6rg Manske, Patentanwalt (Bundesrepublik Deutschland)<br \/>Zugelassener Vertreter vor dem Europ\u00e4ischen Patentamt<br \/>Jochen Sch\u00e4perklaus, Patentanwalt (Bundesrepublik Deutschland)<br \/>Zugelassener Vertreter vor dem Europ\u00e4ischen Patentamt<br \/>Marco Hoffmann, Rechtsanwalt (Bundesrepublik Deutschland)<br \/>Birgit Hein, Rechtsanw\u00e4ltin (Bundesrepublik Deutschland)<\/p><p>Apothekerstra\u00dfe 55<br \/>D-59755 Arnsberg<br \/>Tel.: + 49 (0) 29 32\/ 97 61 0<br \/>Fax: + 49 (0) 29 32\/ 97 61 22<br \/>E-Mail: mail[at]patfritz.de<br \/>Plattform der EU zur au\u00dfergerichtlichen Online-Streitbeilegung:<br \/><a href=\"http:\/\/ec.europa.eu\/consumers\/odr\/\">http:\/\/ec.europa.eu\/consumers\/odr\/<\/a><\/p><p>Umsatzsteueridentifikationsnummer: DE 123883857<\/p><p>FRITZ Patent- und Rechtsanw\u00e4lte Partnerschaft mbB ist eine Partnerschaftsgesellschaft mit beschr\u00e4nkter Berufshaftung (Partnerschaftsgesellschaftsgesetz vom 25. Juli 1994 (BGBl. I S. 1744), zuletzt ge\u00e4ndert durch Artikel 1 des Gesetzes vom 15. Juli 2013 (BGBl. I S. 2386)). Sie ist unter der Nummer PR 3166 im Partnerschaftsregister des Amtsgerichts Essen eingetragen.<\/p><p><strong>Datenschutzbeauftragter:<\/strong><br \/>Juri Nickel<br \/>Dataschutz UG (haftungsbeschr\u00e4nkt)<\/p><p><a href=\"mailto:j.nickel@dataschutz.de\">j.nickel@dataschutz.de<\/a><\/p><p><strong>Aufsichtsbeh\u00f6rden:<br \/><\/strong>Patentanw\u00e4lte:<br \/>Patentanwaltskammer<br \/>Tal 29, 80331 M\u00fcnchen<br \/><a href=\"http:\/\/www.patentanwaltskammer.de\/\" target=\"_blank\" rel=\"noopener\">http:\/\/www.patentanwaltskammer.de<\/a><\/p><p>Europ\u00e4ische Patentanw\u00e4lte:<br \/>Institut der beim Europ\u00e4ischen Patentamt zugelassenen Vertreter (epi)<br \/>Tal 29, 80331 M\u00fcnchen<br \/><a href=\"https:\/\/patentepi.org\/de\/\">https:\/\/patentepi.org\/de\/<\/a><\/p><p>Rechtsanw\u00e4lte:<br \/>Rechtsanwaltskammer f\u00fcr den Oberlandesgerichtsbezirk Hamm<br \/>Ostenallee 18, 59063 Hamm<br \/><a href=\"http:\/\/www.rechtsanwaltskammer-hamm.de\/\" target=\"_blank\" rel=\"noopener\">http:\/\/www.rechtsanwaltskammer-hamm.de<\/a><\/p><p><strong>Berufsrechtliche Regelungen:<br \/><\/strong>Patentanw\u00e4lte:<br \/>PAO &#8211; Patentanwaltsordnung (BGBl I 1966, S 557, zuletzt ge\u00e4ndert durch BGBl I 2001, S. 3656)<br \/><a href=\"https:\/\/www.gesetze-im-internet.de\/patanwo\/BJNR005570966.html\">https:\/\/www.gesetze-im-internet.de\/patanwo\/BJNR005570966.html<\/a><\/p><p>BOPA &#8211; Berufsordnung Patentanw\u00e4lte (Mitt. 1997, 243 ff)<\/p><p>Europ\u00e4ische Patentanw\u00e4lte:<br \/>Richtlinien des Instituts der beim Europ\u00e4ischen Patentamt zugelassenen Vertreter f\u00fcr die Berufsaus\u00fcbung<br \/><a href=\"https:\/\/www.patentanwalt.de\/files\/pak\/pdf\/pa\/berufsordnung\/14_03_Berufsordnung.pdf\">www.patentanwalt.de<\/a><\/p><p>Disziplinarregeln<br \/><a href=\"https:\/\/patentepi.org\/de\/das-institut\/regeln-des-epi.html\">https:\/\/patentepi.org\/de\/das-institut\/regeln-des-epi.html<\/a><\/p><p>Rechtsanw\u00e4lte:<br \/>RVG (Rechtsanwaltsverg\u00fctungsgesetz)<br \/><a href=\"http:\/\/bundesrecht.juris.de\/rvg\/index.html\" target=\"_blank\" rel=\"noopener\">http:\/\/bundesrecht.juris.de\/rvg\/index.html<\/a><br \/>BORA (Berufsordnung Rechtsanw\u00e4lte)<br \/><a href=\"http:\/\/www.brak.de\/seiten\/pdf\/bora.pdf\" target=\"_blank\" rel=\"noopener\">http:\/\/www.brak.de\/seiten\/pdf\/bora.pdf<\/a><br \/>FAO (Fachanwaltsordnung)<br \/><a href=\"https:\/\/www.brak.de\/anwaltschaft\/berufsrecht\/allgemeine-informationen\/#c8011\">https:\/\/www.brak.de\/anwaltschaft\/berufsrecht\/allgemeine-informationen\/#c8011<\/a><br \/>CCBE (Standesregeln der Rechtsanw\u00e4lte der Europ\u00e4ischen Gemeinschaft)<br \/><a href=\"https:\/\/www.brak.de\/anwaltschaft\/berufsrecht\/allgemeine-informationen\/#c8013\">https:\/\/www.brak.de\/anwaltschaft\/berufsrecht\/allgemeine-informationen\/#c8013<\/a><br \/>BRAO (Bundesrechtsanwaltsordnung)<br \/><a href=\"http:\/\/bundesrecht.juris.de\/bundesrecht\/brao\/index.html\" target=\"_blank\" rel=\"noopener\">http:\/\/bundesrecht.juris.de\/bundesrecht\/brao\/index.html<\/a><\/p><p>Siehe auch:\u00a0<a href=\"http:\/\/www.brak.de\/seiten\/06.php\" target=\"_blank\" rel=\"noopener\">http:\/\/www.brak.de<\/a>\u00a0&#8222;Informationspflichten gem\u00e4\u00df \u00a7 5 TMG&#8220;<\/p><p>Alle Patentanw\u00e4lte von FRiTZ Patent- und Rechtsanw\u00e4lte Partnerschaft mbB sind Mitglieder der FICPI F\u00e9d\u00e9ration<br \/>internationale des conseils en propri\u00e9t\u00e9 industrielle (Internationale<br \/>F\u00f6deration von Patentanw\u00e4lten) <a href=\"http:\/\/www.ficpi.org\/\" target=\"_blank\" rel=\"noopener\">http:\/\/www.ficpi.org<\/a><br \/>(FICPI Standesregeln: <a href=\"https:\/\/ficpi.org\/system\/files\/FICPI%20Code%20of%20Conduct%202021.pdf\">https:\/\/ficpi.org\/system\/files\/FICPI%20Code%20of%20Conduct%202021.pdf<\/a>).<\/p><p class=\"p1\"><b>Kammermitgliedschaft:<span class=\"Apple-converted-space\">\u00a0<br \/><\/span><\/b>Rechtsanw\u00e4lte:<span class=\"Apple-converted-space\">\u00a0<br \/><\/span>Rechtsanwaltskammer f\u00fcr den Oberlandesgerichtsbezirk Hamm<span class=\"Apple-converted-space\">\u00a0<br \/><\/span>Ostenallee 18, 59063 Hamm<span class=\"Apple-converted-space\">\u00a0<br \/><\/span><a href=\"http:\/\/www.rechtsanwaltskammer-hamm.de\">http:\/\/www.rechtsanwaltskammer-hamm.de<span class=\"Apple-converted-space\">\u00a0<\/span><\/a><\/p><p class=\"p1\">Patentanw\u00e4lte:<span class=\"Apple-converted-space\">\u00a0<br \/><\/span>Patentanwaltskammer<span class=\"Apple-converted-space\">\u00a0<br \/><\/span>Tal 29, 80331 M\u00fcnchen<span class=\"Apple-converted-space\">\u00a0<br \/><\/span><a href=\"http:\/\/www.patentanwaltskammer.de\">http:\/\/www.patentanwaltskammer.de<\/a><span class=\"Apple-converted-space\">\u00a0<\/span><\/p><p><strong>Berufliche Gemeinschaften<\/strong><br \/>FRITZ Patent- und Rechtsanw\u00e4lte Partnerschaft mbB unterh\u00e4lt eine st\u00e4ndige Kooperation mit der Kanzlei Wortmann, Kemper, Telgenb\u00fcscher, Wagenbergstra\u00dfe 2, 59759 Arnsberg.<br \/>Die Wahrnehmung widerstreitender Interessen ist Patentanw\u00e4lten und Rechtsanw\u00e4lten aufgrund berufsrechtlicher Regelungen (\u00a7 43 a IV BRAO und \u00a7 39a IV PAO) untersagt. Vor Annahme eines Mandates wird deshalb immer gepr\u00fcft, ob ein Interessenkonflikt vorliegt.<\/p><p><strong>Au\u00dfergerichtliche Streitschlichtung<\/strong><br \/>Bei Streitigkeiten zwischen Rechtsanw\u00e4lten und ihren Auftraggebern beziehungsweise Patentanw\u00e4lten und ihren Auftraggebern besteht auf Antrag die M\u00f6glichkeit der au\u00dfergerichtlichen Streitschlichtung bei der regionalen Rechtsanwaltskammer Hamm (gem\u00e4\u00df \u00a7 73 II Nr. 3 i. V. m. \u00a7 73 V BRAO) oder bei der Schlichtungsstelle der Rechtsanwaltschaft (\u00a7 191 folgende BRAGO) bei der Bundesrechtsanwaltskammer, im Internet zu finden \u00fcber die Homepage der Bundesrechtsanwaltskammer (www.brak.de), Email:\u00a0<a href=\"mailto:Schlichtungsstelle@brak.de\">Schlichtungsstelle@brak.de<\/a>\u00a0f\u00fcr Streitigkeiten zwischen Patentanw\u00e4lten und deren Auftraggebern besteht die M\u00f6glichkeit der au\u00dfergerichtlichen Streitschlichtung durch die Patentanwaltskammer (gem\u00e4\u00df \u00a7 69 II Nr. 3 i. V. m. \u00a7 69 V PAO) im Internet zu erreichen \u00fcber die Homepage www.patentanwalt.de.<\/p><p><strong>Privacy Policy<\/strong><\/p><p class=\"p1\">Unsere Datenschutzhinweise finden Sie unter <a href=\"https:\/\/patfritz.de\/en\/datenschutz\/\"><span class=\"s1\">https:\/\/patfritz.de\/datenschutz\/<span class=\"Apple-converted-space\">\u00a0<\/span><\/span><\/a><\/p><p><strong>Garantieausschluss<\/strong><br \/>Diese Website wurde mit gr\u00f6\u00dftm\u00f6glicher Sorgfalt zusammengestellt. Trotzdem kann FRITZ Patent- und Rechtsanw\u00e4lte Partnerschaft mbB f\u00fcr die Fehlerfreiheit und Genauigkeit der enthaltenen Informationen nicht garantieren. FRITZ Patent- und Rechtsanw\u00e4lte Partnerschaft mbB schlie\u00dft jegliche Haftung f\u00fcr Sch\u00e4den, die direkt oder indirekt aus der Benutzung dieser Website entstehen aus, soweit diese nicht auf Vorsatz oder grober Fahrl\u00e4ssigkeit von FRiTZ Patent- und Rechtsanw\u00e4lte Partnerschaft mbB<br \/>beruhen.<\/p><p><strong>Link Hinweis der FRITZ Patent- und Rechtsanw\u00e4lte Partnerschaft mbB<\/strong><br \/>Wir betonen, dass wir keinerlei Einfluss auf die Inhalte oder die Gestaltung der gelinkten Seiten haben. Deshalb distanzieren wir uns hiermit ausdr\u00fccklich von allen Inhalten aller Seiten, die von unseren Seiten verlinkt sind. Die Inhalte dieser Seiten machen wir uns nicht zu eigen. Die Erkl\u00e4rung gilt f\u00fcr alle auf unseren Seiten angebrachten Links und f\u00fcr die Inhalte aller Seiten, zu denen die angebrachten Links f\u00fchren.<\/p><p class=\"p1\"><b>2. Weitere Angaben<span class=\"Apple-converted-space\">\u00a0<br \/><\/span><\/b>Verantwortlicher gem\u00e4\u00df \u00a7 18 Abs. 2 Medienstaatsvertrag:<span class=\"Apple-converted-space\">\u00a0<br \/><\/span><\/p><p>FRITZ Patent- und Rechtsanw\u00e4lte Partnerschaft mbB<\/p><p>Dr. Rainer Basfeld, Patentanwalt (Bundesrepublik Deutschland)<br \/>Zugelassener Vertreter vor dem Europ\u00e4ischen Patentamt<\/p><p>J\u00f6rg Graefe, Patentanwalt (Bundesrepublik Deutschland)<br \/>Zugelassener Vertreter vor dem Europ\u00e4ischen Patentamt<\/p><p>Dr. J\u00f6rg Manske, Patentanwalt (Bundesrepublik Deutschland)<br \/>Zugelassener Vertreter vor dem Europ\u00e4ischen Patentamt<\/p><p>Jochen Sch\u00e4perklaus, Patentanwalt (Bundesrepublik Deutschland)<br \/>Zugelassener Vertreter vor dem Europ\u00e4ischen Patentamt<\/p><p>Marco Hoffmann, Rechtsanwalt (Bundesrepublik Deutschland)<\/p><p>Birgit Hein, Rechtsanw\u00e4ltin (Bundesrepublik Deutschland)<br \/><br \/><\/p><p>Apothekerstra\u00dfe 55<br \/>D-59755 Arnsberg<br \/>Tel.: + 49 (0) 29 32\/ 97 61 0<br \/>Fax: + 49 (0) 29 32\/ 97 61 22<br \/>E-Mail: mail[at]patfritz.de<\/p><p class=\"p1\"><b>Information gem\u00e4\u00df \u00a7 2 Dienstleistungs-Informationsverordnung:<span class=\"Apple-converted-space\">\u00a0<\/span><\/b><\/p><p class=\"p1\"><b>Berufshaftpflichtversicherung:<span class=\"Apple-converted-space\"> <br \/><\/span><\/b>Wir sind bei der SIGNAL IDUNA Allgemeine Versicherung AG (Joseph-Scherer-Stra\u00dfe 3, 44139 Dortmund) versichert.<span class=\"Apple-converted-space\">\u00a0<br \/><\/span>R\u00e4umlicher Geltungsbereich:<span class=\"Apple-converted-space\">\u00a0<br \/><\/span>\u2013 f\u00fcr Rechtsanw\u00e4lte: Im gesamten EU-Gebiet und den Staaten des Abkommens \u00fcber den Europ\u00e4ischen Wirtschaftsraum.<span class=\"Apple-converted-space\">\u00a0<br \/><\/span>\u2013 f\u00fcr Patentanw\u00e4lte: weltweit<span class=\"Apple-converted-space\">\u00a0<\/span><\/p><p><b>Hinweis zur OS-Plattform:<span class=\"Apple-converted-space\">\u00a0<br \/><\/span><\/b>Wir sind aufgrund von Art. 14 Abs. 1 der Verordnung (EU) 524\/2013 \u00fcber Online-Streitbeilegung in Verbraucherangelegenheiten (ODR-Verordnung) gesetzlich verpflichtet, Sie auf die Europ\u00e4ische Online-Streitbeilegungs-Plattform (OS-Plattform) der Europ\u00e4ischen Kommission hinzuweisen. Sie k\u00f6nnen diese unter <span class=\"s1\">http:\/\/ec.europa.eu\/consumers\/odr\/ <\/span>erreichen.<span class=\"Apple-converted-space\">\u00a0<\/span><\/p><p><b>Au\u00dfergerichtliche Streitschlichtung:<span class=\"Apple-converted-space\">\u00a0<br \/><\/span><\/b>Bei Streitigkeiten zwischen Rechtsanw\u00e4lten und ihren Auftraggebern beziehungsweise Patentanw\u00e4lten und ihren Auftraggebern besteht auf Antrag die M\u00f6glichkeit der au\u00dfergerichtlichen Streitschlichtung bei der regionalen Rechtsanwaltskammer Hamm (gem\u00e4\u00df \u00a7 73 II Nr. 3 i. V. m. \u00a7 73 V BRAO) oder bei der Schlichtungsstelle der Rechtsanwaltschaft (\u00a7 191 folgende BRAGO) bei der Bundesrechtsanwaltskammer, im Internet zu finden \u00fcber die Homepage der Bundesrechtsanwaltskammer (<a href=\"https:\/\/www.brak.de\"><span class=\"s2\">www.brak.de<\/span><\/a>), Email: <a href=\"mailto:Schlichtungsstelle@brak.de\"><span class=\"s1\">Schlichtungsstelle@brak.de <\/span><\/a>f\u00fcr Streitigkeiten zwischen Patentanw\u00e4lten und deren Auftraggebern besteht die M\u00f6glichkeit der au\u00dfergerichtlichen Streitschlichtung durch die Patentanwaltskammer (gem\u00e4\u00df \u00a7 69 II Nr. 3 i. V. m. \u00a7 69 V PAO) im Internet zu erreichen \u00fcber die Homepage www.patentanwalt.de.<span class=\"Apple-converted-space\">\u00a0<\/span><\/p><p><b>3. Haftung<span class=\"Apple-converted-space\">\u00a0<br \/><\/span><\/b>Wir sind f\u00fcr die Inhalte unserer Internetseiten nach den Ma\u00dfgaben der allgemeinen Gesetzen, insbesondere nach \u00a7 7 Abs. 1 des Telemediengesetzes, verantwortlich. Alle Inhalte werden mit der gebotenen Sorgfalt und nach bestem Wissen erstellt. Soweit wir auf unseren Internetseiten mittels Hyperlink auf Internetseiten Dritter verweisen, k\u00f6nnen wir keine Gew\u00e4hr f\u00fcr die fortw\u00e4hrende Aktualit\u00e4t, Richtigkeit und Vollst\u00e4ndigkeit der verlinkten Inhalte \u00fcbernehmen, da diese Inhalte au\u00dferhalb unseres Verantwortungsbereichs liegen und wir auf die zuk\u00fcnftige Gestaltung keinen Einfluss haben. Sollten aus Ihrer Sicht Inhalte gegen geltendes Recht versto\u00dfen oder unangemessen sein, teilen Sie uns dies bitte mit.<span class=\"Apple-converted-space\">\u00a0<\/span><\/p><p>Die rechtlichen Hinweise auf dieser Seite sowie alle Fragen und Streitigkeiten im Zusammenhang mit der Gestaltung dieser Internetseite unterliegen dem Recht der Bundesrepublik Deutschland.<span class=\"Apple-converted-space\">\u00a0<\/span><\/p><p><b>4. Datenschutz<span class=\"Apple-converted-space\">\u00a0<br \/><\/span><\/b>Unsere Datenschutzhinweise finden Sie unter <span class=\"s1\"><a href=\"https:\/\/patfritz.de\/en\/datenschutz\/\">https:\/\/patfritz.de\/datenschutz\/<\/a><span class=\"Apple-converted-space\">\u00a0<\/span><\/span><\/p><p><b>5. Urheberrechtshinweis<span class=\"Apple-converted-space\">\u00a0<br \/><\/span><\/b>Die auf unserer Internetseite vorhandenen Texte, Bilder, Fotos, Videos oder Grafiken unterliegen in der Regel dem Schutz des Urheberrechts. Jede unberechtigte Verwendung (insbesondere die Vervielf\u00e4ltigung, Bearbeitung oder Verbreitung) dieser urheberrechtsgesch\u00fctzten Inhalte ist daher untersagt. Wenn Sie beabsichtigen, diese Inhalte oder Teile davon zu verwenden, kontaktieren Sie uns bitte im Voraus unter den oben stehenden Angaben. Soweit wir nicht selbst Inhaber der ben\u00f6tigten urheberrechtlichen Nutzungsrechte sein sollten, bem\u00fchen wir uns, einen Kontakt zum Berechtigten zu vermitteln.<span class=\"Apple-converted-space\">\u00a0<\/span><\/p><p><b>6. Social Media-Profile<span class=\"Apple-converted-space\">\u00a0<br \/><\/span><\/b>Dieses Impressum gilt auch f\u00fcr folgende Social Media-Profile:<span class=\"Apple-converted-space\">\u00a0<br \/><\/span><span class=\"s3\">&#8211; Xing: <\/span><a href=\"https:\/\/www.xing.com\/pages\/fritzpatent-undrechtsanwaltepartnerschaftmbb\">https:\/\/www.xing.com\/pages\/fritzpatent-undrechtsanwaltepartnerschaftmbb<\/a><span class=\"Apple-converted-space\">\u00a0<br \/><\/span><span class=\"s3\">&#8211; LinkedIn: <\/span><a href=\"https:\/\/www.linkedin.com\/company\/fritz-patent-und-rechtsanw\u00e4lte-partnerschaft-mbb\/\">https:\/\/www.linkedin.com\/company\/fritz-patent-und-rechtsanw\u00e4lte-partnerschaft-mbb\/<span class=\"Apple-converted-space\">\u00a0<\/span><\/a><\/p>\t\t\t\t\t\t<\/div>\n\t\t\t\t<\/div>\n\t\t\t\t\t<\/div>\n\t\t<\/div>\n\t\t\t\t\t<\/div>\n\t\t<\/section>\n\t\t\t\t<section class=\"elementor-section elementor-top-section elementor-element elementor-element-588da5bc elementor-section-boxed elementor-section-height-default elementor-section-height-default\" data-id=\"588da5bc\" data-element_type=\"section\">\n\t\t\t\t\t\t<div class=\"elementor-container elementor-column-gap-extended\">\n\t\t\t\t\t<div class=\"elementor-column elementor-col-100 elementor-top-column elementor-element elementor-element-3470b183 sc_inner_width_none sc_layouts_column_icons_position_left\" data-id=\"3470b183\" data-element_type=\"column\">\n\t\t\t<div class=\"elementor-widget-wrap elementor-element-populated\">\n\t\t\t\t\t\t<div class=\"elementor-element elementor-element-7bf51c1 elementor-widget elementor-widget-spacer\" data-id=\"7bf51c1\" data-element_type=\"widget\" data-widget_type=\"spacer.default\">\n\t\t\t\t<div class=\"elementor-widget-container\">\n\t\t\t\t\t<div class=\"elementor-spacer\">\n\t\t\t<div class=\"elementor-spacer-inner\"><\/div>\n\t\t<\/div>\n\t\t\t\t<\/div>\n\t\t\t\t<\/div>\n\t\t\t\t\t<\/div>\n\t\t<\/div>\n\t\t\t\t\t<\/div>\n\t\t<\/section>\n\t\t\t\t<section class=\"elementor-section elementor-top-section elementor-element elementor-element-1414512f elementor-section-boxed elementor-section-height-default elementor-section-height-default\" data-id=\"1414512f\" data-element_type=\"section\">\n\t\t\t\t\t\t<div class=\"elementor-container elementor-column-gap-extended\">\n\t\t\t\t\t<div class=\"elementor-column elementor-col-100 elementor-top-column elementor-element elementor-element-3b317577 sc_inner_width_none sc_layouts_column_icons_position_left\" data-id=\"3b317577\" data-element_type=\"column\">\n\t\t\t<div class=\"elementor-widget-wrap elementor-element-populated\">\n\t\t\t\t\t\t<div class=\"elementor-element elementor-element-6ea22bd3 elementor-widget elementor-widget-spacer\" data-id=\"6ea22bd3\" data-element_type=\"widget\" data-widget_type=\"spacer.default\">\n\t\t\t\t<div class=\"elementor-widget-container\">\n\t\t\t\t\t<div class=\"elementor-spacer\">\n\t\t\t<div class=\"elementor-spacer-inner\"><\/div>\n\t\t<\/div>\n\t\t\t\t<\/div>\n\t\t\t\t<\/div>\n\t\t\t\t\t<\/div>\n\t\t<\/div>\n\t\t\t\t\t<\/div>\n\t\t<\/section>\n\t\t\t\t<\/div>","protected":false},"excerpt":{"rendered":"<p>FRITZ Patent- und Rechtsanw\u00e4lte Partnerschaft mbBDr. Rainer Basfeld, Patentanwalt (Bundesrepublik Deutschland)Zugelassener Vertreter vor dem Europ\u00e4ischen PatentamtJ\u00f6rg Graefe, Patentanwalt (Bundesrepublik Deutschland)Zugelassener Vertreter vor dem Europ\u00e4ischen PatentamtDr. J\u00f6rg Manske, Patentanwalt (Bundesrepublik Deutschland)Zugelassener Vertreter vor dem Europ\u00e4ischen PatentamtJochen Sch\u00e4perklaus, Patentanwalt&hellip;<\/p>","protected":false},"author":1,"featured_media":0,"parent":0,"menu_order":0,"comment_status":"closed","ping_status":"closed","template":"","meta":{"footnotes":""},"class_list":["post-52","page","type-page","status-publish","hentry"],"_links":{"self":[{"href":"https:\/\/patfritz.de\/en\/wp-json\/wp\/v2\/pages\/52","targetHints":{"allow":["GET"]}}],"collection":[{"href":"https:\/\/patfritz.de\/en\/wp-json\/wp\/v2\/pages"}],"about":[{"href":"https:\/\/patfritz.de\/en\/wp-json\/wp\/v2\/types\/page"}],"author":[{"embeddable":true,"href":"https:\/\/patfritz.de\/en\/wp-json\/wp\/v2\/users\/1"}],"replies":[{"embeddable":true,"href":"https:\/\/patfritz.de\/en\/wp-json\/wp\/v2\/comments?post=52"}],"version-history":[{"count":56,"href":"https:\/\/patfritz.de\/en\/wp-json\/wp\/v2\/pages\/52\/revisions"}],"predecessor-version":[{"id":4361,"href":"https:\/\/patfritz.de\/en\/wp-json\/wp\/v2\/pages\/52\/revisions\/4361"}],"wp:attachment":[{"href":"https:\/\/patfritz.de\/en\/wp-json\/wp\/v2\/media?parent=52"}],"curies":[{"name":"wp","href":"https:\/\/api.w.org\/{rel}","templated":true}]}}